{"id":3259,"date":"2020-11-08T21:25:42","date_gmt":"2020-11-08T21:25:42","guid":{"rendered":"https:\/\/algarvemotorent.pt\/politica-de-privacidade\/"},"modified":"2025-12-12T21:39:54","modified_gmt":"2025-12-12T21:39:54","slug":"politica-de-privacidade","status":"publish","type":"page","link":"https:\/\/algarvemotorent.pt\/pt-pt\/politica-de-privacidade\/","title":{"rendered":"Pol\u00edtica de Privacidade"},"content":{"rendered":"\t\t<div data-elementor-type=\"wp-page\" data-elementor-id=\"3259\" class=\"elementor elementor-3259 elementor-3\" data-elementor-post-type=\"page\">\n\t\t\t\t<div class=\"elementor-element elementor-element-034ef1c e-flex e-con-boxed e-con e-parent\" data-id=\"034ef1c\" data-element_type=\"container\" data-e-type=\"container\">\n\t\t\t\t\t<div class=\"e-con-inner\">\n\t\t\t\t<div class=\"elementor-element elementor-element-4e5c855 elementor-widget elementor-widget-heading\" data-id=\"4e5c855\" data-element_type=\"widget\" data-e-type=\"widget\" data-widget_type=\"heading.default\">\n\t\t\t\t<div class=\"elementor-widget-container\">\n\t\t\t\t\t<h1 class=\"elementor-heading-title elementor-size-default\">Pol\u00edtica de Privacidade<\/h1>\t\t\t\t<\/div>\n\t\t\t\t<\/div>\n\t\t\t\t\t<\/div>\n\t\t\t\t<\/div>\n\t\t<div class=\"elementor-element elementor-element-fce2b91 e-flex e-con-boxed e-con e-parent\" data-id=\"fce2b91\" data-element_type=\"container\" data-e-type=\"container\">\n\t\t\t\t\t<div class=\"e-con-inner\">\n\t\t\t\t<div class=\"elementor-element elementor-element-70d5a23 elementor-widget elementor-widget-text-editor\" data-id=\"70d5a23\" data-element_type=\"widget\" data-e-type=\"widget\" data-widget_type=\"text-editor.default\">\n\t\t\t\t<div class=\"elementor-widget-container\">\n\t\t\t\t\t\t\t\t\t<p><strong>\u00daltima atualiza\u00e7\u00e3o a 17 de janeiro de 2025<\/strong><\/p>\n<p>Obrigado por visitar o nosso site e decidir adquirir os nossos servi\u00e7os.<\/p>\n<p>Ao visitar o nosso website https:\/\/algarvemotorent.pt (doravante designado por \u201cn\u00f3s\u201d, ou \u201cnosso\/s\u201d) e ao utilizar os nossos servi\u00e7os, est\u00e1 a confiar-nos as suas informa\u00e7\u00f5es pessoais. Levamos a sua privacidade muito a s\u00e9rio.<\/p>\n<p>Neste aviso de privacidade, descrevemos a nossa pol\u00edtica de privacidade. Procuramos explicar da forma mais clara poss\u00edvel que informa\u00e7\u00e3o recolhemos, como a utilizamos e que direitos tem em rela\u00e7\u00e3o a ela. <\/p>\n<p>Esperamos que dedique algum tempo para ler com aten\u00e7\u00e3o, pois \u00e9 importante. Se houver algum termo nesta pol\u00edtica de privacidade com o qual n\u00e3o concorde, interrompa a utiliza\u00e7\u00e3o do nosso website e dos nossos servi\u00e7os. <\/p>\n<p>Leia esta pol\u00edtica de privacidade com aten\u00e7\u00e3o, pois ir\u00e1 ajud\u00e1-lo a tomar decis\u00f5es informadas sobre a partilha das suas informa\u00e7\u00f5es pessoais connosco.<\/p>\n<p>A Algarve Moto Rent \u00e9 propriedade da Digiteca &#8211; Ag\u00eancia de Marketing Digital, com sede na Rua Paul Harris 5, 9500 Ponta Delgada, Portugal, IVA 168972816, telefone +351 910-102-589, email marketing(@)digiteca.pt.<\/p>\n<p>Esta pol\u00edtica de privacidade explicar\u00e1 como a nossa organiza\u00e7\u00e3o utiliza os dados pessoais que recolhemos de si quando utiliza o nosso website.<\/p>\n<p><strong>T\u00f3picos<\/strong>:<\/p>\n<ul>\n<li>Que dados recolhemos?<\/li>\n<li>Como recolhemos os seus dados?<\/li>\n<li>Como utilizaremos os seus dados?<\/li>\n<li>Como armazenamos os seus dados?<\/li>\n<li>Marketing<\/li>\n<li>Quais s\u00e3o os seus direitos de prote\u00e7\u00e3o de dados?<\/li>\n<li>O que s\u00e3o cookies?<\/li>\n<li>Como usamos os cookies?<\/li>\n<li>Que tipos de cookies utilizamos?<\/li>\n<li>Como gerir os seus cookies<\/li>\n<li>Pol\u00edticas de privacidade de outros sites<\/li>\n<li>Altera\u00e7\u00f5es \u00e0 nossa pol\u00edtica de privacidade<\/li>\n<li>Como entrar em contacto connosco<\/li>\n<li>Como contatar as autoridades competentes<\/li>\n<\/ul>\n<h6>Que dados recolhemos?<\/h6>\n<p>A Algarve Moto Rent recolhe os seguintes dados:<\/p>\n<ul>\n<li>Informa\u00e7\u00f5es de identifica\u00e7\u00e3o pessoal (nome, endere\u00e7o de e-mail, n\u00famero de telefone, carta de condu\u00e7\u00e3o, data de nascimento, etc.)<\/li>\n<li>Como confirmamos a sua reserva enquanto est\u00e1 no site da Algarve Moto Rent, necessitamos dos dados do seu cart\u00e3o de cr\u00e9dito ou d\u00e9bito para garantir o ve\u00edculo ap\u00f3s o pagamento do dep\u00f3sito.<\/li>\n<li>Recolhemos automaticamente determinadas informa\u00e7\u00f5es quando visita, utiliza ou navega no nosso site. Estas informa\u00e7\u00f5es n\u00e3o revelam a sua identidade espec\u00edfica (como o seu nome ou informa\u00e7\u00f5es de contacto), mas podem incluir<br>informa\u00e7\u00f5es sobre o dispositivo e utiliza\u00e7\u00e3o, como o seu endere\u00e7o IP, caracter\u00edsticas do browser e do dispositivo, sistema operativo, prefer\u00eancias de idioma, URLs de refer\u00eancia, nome do dispositivo, pa\u00eds, localiza\u00e7\u00e3o, informa\u00e7\u00f5es<br>sobre como e quando utiliza o nosso website e outras informa\u00e7\u00f5es t\u00e9cnicas. Estas informa\u00e7\u00f5es s\u00e3o necess\u00e1rias principalmente para manter a seguran\u00e7a e o funcionamento do nosso website e para as nossas an\u00e1lises e servi\u00e7os internos.<br>fins de relat\u00f3rios.<br>Tal como muitas empresas, tamb\u00e9m recolhemos informa\u00e7\u00f5es atrav\u00e9s de cookies e tecnologias semelhantes.  <\/li>\n<\/ul>\n<h6>Como recolhemos os seus dados?<\/h6>\n<p>A maior parte dos dados que recolhemos \u00e9 fornecida diretamente por si \u00e0 Algarve Moto Rent. Recolhemos e tratamos dados quando:<\/p>\n<ul>\n<li>Registe-se online ou fa\u00e7a uma reserva de qualquer um dos nossos produtos ou servi\u00e7os.<\/li>\n<li>Preencha voluntariamente um inqu\u00e9rito ou forne\u00e7a feedback em qualquer um dos nossos canais de mensagens, por e-mail, telefone ou qualquer outro canal de comunica\u00e7\u00e3o que utilizemos.<\/li>\n<li>Utilize ou visualize o nosso site atrav\u00e9s dos cookies do seu navegador.<\/li>\n<\/ul>\n<h6>Como utilizaremos os seus dados?<\/h6>\n<p>A Algarve Moto Rent recolhe os seus dados para podermos:<\/p>\n<ul>\n<li>Processe o seu pedido e gerencie a sua conta. Podemos utilizar as suas informa\u00e7\u00f5es para processar e gerir os seus pedidos, pagamentos, devolu\u00e7\u00f5es e trocas efetuadas atrav\u00e9s do nosso website. Ao processar o seu pedido, a Algarve Moto Rent poder\u00e1 enviar os seus dados para ag\u00eancias de informa\u00e7\u00e3o de cr\u00e9dito e tamb\u00e9m utilizar as informa\u00e7\u00f5es da\u00ed resultantes para prevenir compras fraudulentas.<\/li>\n<li>Enviaremos e-mails com ofertas especiais sobre outros produtos e servi\u00e7os que pensamos que poder\u00e1 gostar, se isso estiver de acordo com as suas prefer\u00eancias de marketing. Pode cancelar a rece\u00e7\u00e3o dos nossos e-mails de marketing a qualquer momento. <\/li>\n<li>Para lhe enviar informa\u00e7\u00f5es administrativas. Poderemos utilizar as suas informa\u00e7\u00f5es pessoais para lhe enviar informa\u00e7\u00f5es sobre produtos, servi\u00e7os e novas funcionalidades e\/ou informa\u00e7\u00f5es sobre altera\u00e7\u00f5es aos nossos termos, condi\u00e7\u00f5es e pol\u00edticas. <\/li>\n<li>Para publicar depoimentos. Publicamos testemunhos no nosso site que podem conter informa\u00e7\u00f5es pessoais. Antes de publicar um depoimento, obteremos o seu consentimento para utilizar o seu nome e depoimento.   <br>Se desejar atualizar ou eliminar o seu testemunho, por favor contacte-nos atrav\u00e9s do endere\u00e7o info(@)algarvemotorent.pt e certifique-se de que inclui o seu nome, a localiza\u00e7\u00e3o do testemunho e as suas informa\u00e7\u00f5es de contacto.<\/li>\n<li>Enviar publicidade direcionada a si. Podemos utilizar as suas informa\u00e7\u00f5es para desenvolver e exibir conte\u00fados e publicidade (e trabalhar com terceiros que o fa\u00e7am) adaptados aos seus interesses e\/ou localiza\u00e7\u00e3o e para medir a sua efic\u00e1cia. <\/li>\n<li>Solicitar feedback. Podemos utilizar as suas informa\u00e7\u00f5es para solicitar feedback e contact\u00e1-lo sobre a utiliza\u00e7\u00e3o do nosso site. <\/li>\n<li>Para fazer cumprir os nossos termos, condi\u00e7\u00f5es e pol\u00edticas.<\/li>\n<\/ul>\n<h6>Como armazenamos os seus dados?<\/h6>\n<p>Todas as informa\u00e7\u00f5es pessoais trocadas entre o seu dispositivo e o site da Algarve Moto Rent s\u00e3o encriptadas atrav\u00e9s de SSL. O nosso certificado SSL \u00e9 fornecido pela Hostinger, o nosso fornecedor de alojamento. Isto garante que as suas informa\u00e7\u00f5es s\u00e3o transmitidas com seguran\u00e7a e est\u00e3o protegidas contra terceiros.<\/p>\n<p>A Algarve Moto Rent armazena os seus dados de forma segura em servidores protegidos localizados no Espa\u00e7o Econ\u00f3mico Europeu (EEE), garantindo a conformidade com o Regulamento Geral sobre a Prote\u00e7\u00e3o de Dados (RGPD). Implement\u00e1mos encripta\u00e7\u00e3o, controlos de acesso e auditorias de seguran\u00e7a regulares para proteger as suas informa\u00e7\u00f5es pessoais.<\/p>\n<p>A Algarve Moto Rent conservar\u00e1 os seus dados pessoais, hist\u00f3rico de reservas e informa\u00e7\u00f5es de pagamento pelo tempo necess\u00e1rio para os fins descritos nesta pol\u00edtica de privacidade, a menos que um per\u00edodo de reten\u00e7\u00e3o mais longo seja exigido ou permitido por lei (como para fins fiscais, contabil\u00edsticos ou outros requisitos legais). Ap\u00f3s o t\u00e9rmino deste per\u00edodo, eliminaremos os seus dados de forma segura, anonimizando as informa\u00e7\u00f5es pessoais e removendo permanentemente os registos das nossas bases de dados, em conformidade com as melhores pr\u00e1ticas de prote\u00e7\u00e3o de dados.<\/p>\n<h6>Marketing<\/h6>\n<p>A Algarve Moto Rent gostaria de lhe enviar informa\u00e7\u00e3o sobre os nossos produtos e servi\u00e7os que consideramos poderem ser do seu interesse, bem como os das nossas empresas parceiras.<\/p>\n<p>Se concordou em receber marketing, poder\u00e1 sempre cancelar o recebimento posteriormente.<\/p>\n<p>Ocasionalmente, podemos fornecer estat\u00edsticas sobre os nossos clientes a terceiros, como empresas de aluguer ou outros agentes. Estas estat\u00edsticas nunca cont\u00eam informa\u00e7\u00f5es de identifica\u00e7\u00e3o pessoal. <\/p>\n<p>N\u00e3o venderemos ou alugaremos as suas informa\u00e7\u00f5es pessoais a terceiros para fins de marketing sem o seu consentimento pr\u00e9vio.<\/p>\n<p>Tem o direito de, a qualquer momento, impedir que a Algarve Moto Rent o contacte para fins de marketing ou partilhe os seus dados com outras empresas do nosso grupo.<\/p>\n<p>Se n\u00e3o desejar continuar a ser contactado para fins de marketing, envie-nos um e-mail para <span style=\"text-decoration: underline;\">info(@)algarvemotorent.pt<\/span>.<\/p>\n<h6>Quais s\u00e3o os seus direitos de prote\u00e7\u00e3o de dados?<\/h6>\n<p>A nossa empresa gostaria de ter a certeza de que est\u00e1 plenamente ciente de todos os seus direitos de prote\u00e7\u00e3o de dados. Todo o utilizador tem direito ao seguinte: <\/p>\n<p><strong>Direito de acesso<\/strong> \u2013 Tem o direito de solicitar \u00e0 Algarve Moto Rent c\u00f3pias dos seus dados pessoais. Poderemos cobrar uma pequena taxa por este servi\u00e7o.<\/p>\n<p><strong>Direito \u00e0 rectifica\u00e7\u00e3o<\/strong> \u2013 Tem o direito de solicitar \u00e0 Algarve Moto Rent que corrija qualquer informa\u00e7\u00e3o que considere imprecisa. Tem tamb\u00e9m o direito de nos solicitar que completemos as informa\u00e7\u00f5es que considere incompletas.<\/p>\n<p><strong>Direito ao apagamento<\/strong> \u2013 Tem o direito de solicitar \u00e0 Algarve Moto Rent que apague os seus dados pessoais, sob determinadas condi\u00e7\u00f5es.<\/p>\n<p><strong>Direito \u00e0 restri\u00e7\u00e3o do tratamento<\/strong> \u2013 Tem o direito de solicitar \u00e0 Algarve Moto Rent que restrinja o tratamento dos seus dados pessoais, sob determinadas condi\u00e7\u00f5es.<\/p>\n<p><strong>Direito de oposi\u00e7\u00e3o ao tratamento de dados<\/strong> \u2013 Tem o direito de se opor ao tratamento dos seus dados pessoais pela Algarve Moto Rent, sob determinadas condi\u00e7\u00f5es.<\/p>\n<p><strong>Direito \u00e0 portabilidade dos dados<\/strong> \u2013 Tem o direito de solicitar \u00e0 Algarve Moto Rent que transfira os dados que recolhemos para outra organiza\u00e7\u00e3o ou diretamente para si, sob determinadas condi\u00e7\u00f5es.<\/p>\n<p>Se fizer um pedido, temos um m\u00eas para respond\u00ea-lo. Se desejar exercer algum destes direitos, por favor contacte-nos atrav\u00e9s do nosso e-mail: info(@)algarvemotorent.pt<\/p>\n<p>Ligue-nos: +351 910-102-589<\/p>\n<p>Ou escreva-nos para: Paul Harris St. 5, 9500-702 P. Delgada, Portugal<\/p>\n<h6>Cookies<\/h6>\n<p>Os cookies s\u00e3o ficheiros de texto colocados no seu computador para recolher informa\u00e7\u00f5es padr\u00e3o de registo da Internet e informa\u00e7\u00f5es de comportamento do visitante. Quando visita os nossos sites, podemos recolher informa\u00e7\u00f5es suas automaticamente atrav\u00e9s de cookies ou tecnologia semelhante. <\/p>\n<p>Pra mais informa\u00e7\u00e3o visite allaboutcookies.org.<\/p>\n<h6>Como usamos os cookies?<\/h6>\n<p>A nossa empresa utiliza cookies de diversas formas para melhorar a sua experi\u00eancia no nosso website, incluindo:<\/p>\n<ul>\n<li>Compreender como usa o nosso site<\/li>\n<li>As informa\u00e7\u00f5es espec\u00edficas sobre a forma como utilizamos e como pode recusar determinados cookies est\u00e3o definidas na nossa Pol\u00edtica de Cookies.<\/li>\n<\/ul>\n<h6>Que tipos de cookies utilizamos?<\/h6>\n<p>Existem v\u00e1rios tipos diferentes de cookies, no entanto o nosso site utiliza:<\/p>\n<ul>\n<li>Funcionalidade \u2013 A nossa empresa utiliza estes cookies para que possamos reconhec\u00ea-lo no nosso website e recordar as suas prefer\u00eancias selecionadas anteriormente. Isto pode incluir o idioma da sua prefer\u00eancia e a localiza\u00e7\u00e3o em que se encontra.  <\/li>\n<li>Publicidade \u2013 A nossa empresa utiliza estes cookies para recolher informa\u00e7\u00f5es sobre a sua visita ao nosso website, o conte\u00fado que visualizou, os links que seguiu e informa\u00e7\u00f5es sobre o seu navegador, dispositivo e o seu endere\u00e7o IP. A nossa empresa partilha por vezes alguns aspetos limitados destes dados com terceiros para fins publicit\u00e1rios. Tamb\u00e9m podemos partilhar dados online recolhidos atrav\u00e9s de cookies com os nossos parceiros de publicidade. Isto significa que quando visita outro site, podem ser exibidos an\u00fancios com base nos seus padr\u00f5es de navega\u00e7\u00e3o no nosso site.   <\/li>\n<li>Mais informa\u00e7\u00f5es podem ser encontradas na nossa Pol\u00edtica de Cookies.<\/li>\n<\/ul>\n<h6>Como gerir os cookies<\/h6>\n<p>Pode configurar o seu navegador para n\u00e3o aceitar cookies, e o site acima indica-lhe como remover cookies do seu navegador. No entanto, em alguns casos, algumas funcionalidades do nosso site podem n\u00e3o funcionar. <\/p>\n<h6>Pol\u00edticas de privacidade de outros sites<\/h6>\n<p>O site Algarve Moto Rent cont\u00e9m links para outros sites. A nossa pol\u00edtica de privacidade aplica-se apenas ao nosso site; portanto, se clicar num link para outro site, dever\u00e1 ler a pol\u00edtica de privacidade desse site.<\/p>\n<h6>Altera\u00e7\u00f5es \u00e0 nossa pol\u00edtica de privacidade<\/h6>\n<p>A Algarve Moto Rent rev\u00ea regularmente a sua pol\u00edtica de privacidade e publica quaisquer atualiza\u00e7\u00f5es nesta p\u00e1gina web. Esta pol\u00edtica de privacidade foi atualizada pela \u00faltima vez em 17 de janeiro de 2025.<\/p>\n<h6>Como entrar em contacto connosco<\/h6>\n<p>Se tiver alguma d\u00favida sobre a pol\u00edtica de privacidade da Algarve Moto Rent, os dados que detemos sobre si, ou se desejar exercer algum dos seus direitos de prote\u00e7\u00e3o de dados, n\u00e3o hesite em contactar-nos.<\/p>\n<p>Envie-nos um email: info(@)algarvemotorent.pt<\/p>\n<p>Ligue: +351 910-102-589<\/p>\n<p>Ou escreva-nos para: Paul Harris 5, 9500 P. Delgada, Portugal<\/p>\n<h6>Como contactar a autoridade competente<\/h6>\n<p>Caso pretenda apresentar uma reclama\u00e7\u00e3o ou considere que a Algarve Moto Rent n\u00e3o resolveu a sua quest\u00e3o de forma satisfat\u00f3ria, pode contactar o Gabinete do Comiss\u00e1rio para a Informa\u00e7\u00e3o. Pode encontrar os seus dados de contacto no seguinte link: <a href=\"https:\/\/ec.europa.eu\/newsroom\/article29\/items\/612080\/en\" target=\"_blank\" rel=\"nofollow noopener\">JUSTI\u00c7A E CONSUMIDORES ARTIGO 29\u00ba &#8211; Autoridades Nacionais de Prote\u00e7\u00e3o de Dados.<\/a><\/p>\t\t\t\t\t\t\t\t<\/div>\n\t\t\t\t<\/div>\n\t\t\t\t\t<\/div>\n\t\t\t\t<\/div>\n\t\t\t\t<\/div>\n\t\t","protected":false},"excerpt":{"rendered":"<p>Pol\u00edtica de Privacidade \u00daltima atualiza\u00e7\u00e3o a 17 de janeiro de 2025 Obrigado por visitar o nosso site e decidir adquirir [&hellip;]<\/p>\n","protected":false},"author":3,"featured_media":0,"parent":0,"menu_order":0,"comment_status":"closed","ping_status":"closed","template":"","meta":{"site-sidebar-layout":"default","site-content-layout":"","ast-site-content-layout":"","site-content-style":"default","site-sidebar-style":"default","ast-global-header-display":"","ast-banner-title-visibility":"","ast-main-header-display":"","ast-hfb-above-header-display":"","ast-hfb-below-header-display":"","ast-hfb-mobile-header-display":"","site-post-title":"disabled","ast-breadcrumbs-content":"","ast-featured-img":"","footer-sml-layout":"","ast-disable-related-posts":"","theme-transparent-header-meta":"","adv-header-id-meta":"","stick-header-meta":"","header-above-stick-meta":"","header-main-stick-meta":"","header-below-stick-meta":"","astra-migrate-meta-layouts":"default","ast-page-background-enabled":"default","ast-page-background-meta":{"desktop":{"background-color":"var(--ast-global-color-5)","background-image":"","background-repeat":"repeat","background-position":"center center","background-size":"auto","background-attachment":"scroll","background-type":"","background-media":"","overlay-type":"","overlay-color":"","overlay-opacity":"","overlay-gradient":""},"tablet":{"background-color":"","background-image":"","background-repeat":"repeat","background-position":"center center","background-size":"auto","background-attachment":"scroll","background-type":"","background-media":"","overlay-type":"","overlay-color":"","overlay-opacity":"","overlay-gradient":""},"mobile":{"background-color":"","background-image":"","background-repeat":"repeat","background-position":"center center","background-size":"auto","background-attachment":"scroll","background-type":"","background-media":"","overlay-type":"","overlay-color":"","overlay-opacity":"","overlay-gradient":""}},"ast-content-background-meta":{"desktop":{"background-color":"var(--ast-global-color-4)","background-image":"","background-repeat":"repeat","background-position":"center center","background-size":"auto","background-attachment":"scroll","background-type":"","background-media":"","overlay-type":"","overlay-color":"","overlay-opacity":"","overlay-gradient":""},"tablet":{"background-color":"var(--ast-global-color-4)","background-image":"","background-repeat":"repeat","background-position":"center center","background-size":"auto","background-attachment":"scroll","background-type":"","background-media":"","overlay-type":"","overlay-color":"","overlay-opacity":"","overlay-gradient":""},"mobile":{"background-color":"var(--ast-global-color-4)","background-image":"","background-repeat":"repeat","background-position":"center center","background-size":"auto","background-attachment":"scroll","background-type":"","background-media":"","overlay-type":"","overlay-color":"","overlay-opacity":"","overlay-gradient":""}},"footnotes":""},"class_list":["post-3259","page","type-page","status-publish","hentry"],"_links":{"self":[{"href":"https:\/\/algarvemotorent.pt\/pt-pt\/wp-json\/wp\/v2\/pages\/3259","targetHints":{"allow":["GET"]}}],"collection":[{"href":"https:\/\/algarvemotorent.pt\/pt-pt\/wp-json\/wp\/v2\/pages"}],"about":[{"href":"https:\/\/algarvemotorent.pt\/pt-pt\/wp-json\/wp\/v2\/types\/page"}],"author":[{"embeddable":true,"href":"https:\/\/algarvemotorent.pt\/pt-pt\/wp-json\/wp\/v2\/users\/3"}],"replies":[{"embeddable":true,"href":"https:\/\/algarvemotorent.pt\/pt-pt\/wp-json\/wp\/v2\/comments?post=3259"}],"version-history":[{"count":0,"href":"https:\/\/algarvemotorent.pt\/pt-pt\/wp-json\/wp\/v2\/pages\/3259\/revisions"}],"wp:attachment":[{"href":"https:\/\/algarvemotorent.pt\/pt-pt\/wp-json\/wp\/v2\/media?parent=3259"}],"curies":[{"name":"wp","href":"https:\/\/api.w.org\/{rel}","templated":true}]}}