{"id":3778,"date":"2020-11-08T21:25:42","date_gmt":"2020-11-08T21:25:42","guid":{"rendered":"https:\/\/algarvemotorent.pt\/politique-de-confidentialite\/"},"modified":"2025-05-27T21:49:17","modified_gmt":"2025-05-27T21:49:17","slug":"politique-de-confidentialite","status":"publish","type":"page","link":"https:\/\/algarvemotorent.pt\/fr\/politique-de-confidentialite\/","title":{"rendered":"Politique de confidentialit\u00e9"},"content":{"rendered":"\t\t<div data-elementor-type=\"wp-page\" data-elementor-id=\"3778\" class=\"elementor elementor-3778 elementor-3\" data-elementor-post-type=\"page\">\n\t\t\t\t<div class=\"elementor-element elementor-element-034ef1c e-flex e-con-boxed e-con e-parent\" data-id=\"034ef1c\" data-element_type=\"container\" data-e-type=\"container\">\n\t\t\t\t\t<div class=\"e-con-inner\">\n\t\t\t\t<div class=\"elementor-element elementor-element-4e5c855 elementor-widget elementor-widget-heading\" data-id=\"4e5c855\" data-element_type=\"widget\" data-e-type=\"widget\" data-widget_type=\"heading.default\">\n\t\t\t\t<div class=\"elementor-widget-container\">\n\t\t\t\t\t<h1 class=\"elementor-heading-title elementor-size-default\">Politique de confidentialit\u00e9<\/h1>\t\t\t\t<\/div>\n\t\t\t\t<\/div>\n\t\t\t\t\t<\/div>\n\t\t\t\t<\/div>\n\t\t<div class=\"elementor-element elementor-element-fce2b91 e-flex e-con-boxed e-con e-parent\" data-id=\"fce2b91\" data-element_type=\"container\" data-e-type=\"container\">\n\t\t\t\t\t<div class=\"e-con-inner\">\n\t\t\t\t<div class=\"elementor-element elementor-element-70d5a23 elementor-widget elementor-widget-text-editor\" data-id=\"70d5a23\" data-element_type=\"widget\" data-e-type=\"widget\" data-widget_type=\"text-editor.default\">\n\t\t\t\t<div class=\"elementor-widget-container\">\n\t\t\t\t\t\t\t\t\t<p><strong>Derni\u00e8re mise \u00e0 jour le 17 janvier 2025<\/strong><\/p>\n<p>Merci d\u2019avoir visit\u00e9 notre site Web et de faire affaire avec nous.<\/p>\n<p>Lorsque vous visitez notre site web https:\/\/algarvemotorent.pt (ci-apr\u00e8s d\u00e9nomm\u00e9 \u00ab nous \u00bb, \u00ab notre \u00bb ou \u00ab nos \u00bb) et utilisez nos services, vous nous confiez vos informations personnelles. Nous accordons une grande importance \u00e0 votre vie priv\u00e9e. <\/p>\n<p>Dans cette d\u00e9claration de confidentialit\u00e9, nous d\u00e9crivons notre politique de confidentialit\u00e9. Nous nous effor\u00e7ons de vous expliquer le plus clairement possible quelles informations nous collectons, comment nous les utilisons et quels sont vos droits \u00e0 leur \u00e9gard. <\/p>\n<p>Nous esp\u00e9rons que vous prendrez le temps de la lire attentivement, car elle est importante. Si vous n&#8217;acceptez pas certaines dispositions de cette politique de confidentialit\u00e9, veuillez cesser d&#8217;utiliser notre site web et nos services. <\/p>\n<p>Veuillez lire attentivement cette politique de confidentialit\u00e9 car elle vous aidera \u00e0 prendre des d\u00e9cisions \u00e9clair\u00e9es concernant le partage de vos informations personnelles avec nous.<\/p>\n<p>Azores Moto Rent est la propri\u00e9t\u00e9 de Digiteca &#8211; Ag\u00eancia de Marketing Digital, domicili\u00e9e \u00e0 Paul Harris St. 5, 9500 Ponta Delgada, Portugal, TVA 168972816, t\u00e9l\u00e9phone +351 910 102 589, email marketing@digiteca.pt.<\/p>\n<p>Cette politique de confidentialit\u00e9 explique comment notre organisation utilise les donn\u00e9es personnelles que nous collectons aupr\u00e8s de vous lorsque vous utilisez notre site Web.<\/p>\n<p><strong>Th\u00e8mes<\/strong>:<\/p>\n<ul>\n<li>Quelles donn\u00e9es collectons-nous ?<\/li>\n<li>Comment collectons-nous vos donn\u00e9es ?<\/li>\n<li>Comment utiliserons-nous vos donn\u00e9es ?<\/li>\n<li>Comment stockons-nous vos donn\u00e9es ?<\/li>\n<li>Marketing<\/li>\n<li>Quels sont vos droits en mati\u00e8re de protection des donn\u00e9es ?<\/li>\n<li>Que sont les cookies ?<\/li>\n<li>Comment utilisons-nous les cookies ?<\/li>\n<li>Quels types de cookies utilisons-nous ?<\/li>\n<li>Comment g\u00e9rer vos cookies<\/li>\n<li>Politiques de confidentialit\u00e9 d&#8217;autres sites Web<\/li>\n<li>Modifications de notre politique de confidentialit\u00e9<\/li>\n<li>Comment nous contacter<\/li>\n<li>Comment contacter les autorit\u00e9s comp\u00e9tentes<\/li>\n<\/ul>\n<h6>Quelles donn\u00e9es collectons-nous ?<\/h6>\n<p>Azores Moto Rent collecte les donn\u00e9es suivantes :<\/p>\n<ul>\n<li>Informations d&#8217;identification personnelle (nom, adresse e-mail, num\u00e9ro de t\u00e9l\u00e9phone, permis de conduire, date de naissance, etc.)<\/li>\n<li>\u00c9tant donn\u00e9 que nous confirmons votre r\u00e9servation pendant que vous \u00eates sur le site Azores Moto Rent, nous avons besoin des d\u00e9tails de votre carte de cr\u00e9dit ou de d\u00e9bit afin de pouvoir garantir votre v\u00e9hicule lorsque vous payez votre acompte.<\/li>\n<li>Nous collectons automatiquement certaines informations lorsque vous visitez, utilisez ou naviguez sur notre site web. Ces informations ne r\u00e9v\u00e8lent pas votre identit\u00e9 (comme votre nom ou vos coordonn\u00e9es), mais peuvent inclure des informations sur votre appareil et son utilisation, telles que votre adresse IP, les caract\u00e9ristiques de votre navigateur et de votre appareil, votre syst\u00e8me d&#8217;exploitation, vos pr\u00e9f\u00e9rences linguistiques, les URL de r\u00e9f\u00e9rence, le nom de votre appareil, votre pays, votre localisation, des informations sur votre utilisation de notre site et d&#8217;autres informations techniques. Ces informations sont principalement n\u00e9cessaires pour assurer la s\u00e9curit\u00e9 et le fonctionnement de notre site, ainsi qu&#8217;\u00e0 des fins d&#8217;analyse et de reporting internes.<br>Comme de nombreuses entreprises, nous collectons \u00e9galement des informations via des cookies et des technologies similaires.  <\/li>\n<\/ul>\n<h6>Comment collectons-nous vos donn\u00e9es ?<\/h6>\n<p>Vous fournissez directement \u00e0 Azores Moto Rent la plupart des donn\u00e9es que nous collectons. Nous collectons et traitons des donn\u00e9es lorsque : <\/p>\n<ul>\n<li>Inscrivez-vous en ligne ou passez une commande pour l&#8217;un de nos produits ou services.<\/li>\n<li>R\u00e9pondez volontairement \u00e0 une enqu\u00eate client ou donnez votre avis sur l\u2019un de nos forums de discussion, par e-mail, par t\u00e9l\u00e9phone ou par tout autre canal de communication que nous utilisons.<\/li>\n<li>Utilisez ou consultez notre site Web via les cookies de votre navigateur.<\/li>\n<\/ul>\n<h6>Comment utiliserons-nous vos donn\u00e9es?<\/h6>\n<p>Azores Moto Rent collecte vos donn\u00e9es afin que nous puissions:<\/p>\n<ul>\n<li>Traitez votre commande et g\u00e9rez votre compte. Nous pouvons utiliser vos informations pour traiter et g\u00e9rer vos commandes, paiements, retours et \u00e9changes effectu\u00e9s via notre site web. Lors du traitement de votre commande, Azores Moto Rent peut transmettre vos donn\u00e9es \u00e0 des agences d&#8217;\u00e9valuation du cr\u00e9dit et utiliser les informations obtenues pour pr\u00e9venir les achats frauduleux.  <\/li>\n<li>Vous envoyer des e-mails contenant des offres sp\u00e9ciales sur d&#8217;autres produits et services susceptibles de vous int\u00e9resser, si cela correspond \u00e0 vos pr\u00e9f\u00e9rences marketing. Vous pouvez vous d\u00e9sabonner de nos e-mails marketing \u00e0 tout moment. <\/li>\n<li>Pour vous envoyer des informations administratives. Nous pouvons utiliser vos informations personnelles pour vous envoyer des informations sur nos produits, services et nouvelles fonctionnalit\u00e9s, ainsi que des informations sur les modifications apport\u00e9es \u00e0 nos conditions g\u00e9n\u00e9rales et politiques. <\/li>\n<li>Pour publier des t\u00e9moignages. Nous publions sur notre site web des t\u00e9moignages susceptibles de contenir des informations personnelles. Avant de publier un t\u00e9moignage, nous obtiendrons votre consentement pour utiliser votre nom et votre t\u00e9moignage.   <br>Si vous souhaitez mettre \u00e0 jour ou supprimer votre t\u00e9moignage, veuillez nous contacter \u00e0 support@algarvemotorent.pt et assurez-vous d&#8217;inclure votre nom, l&#8217;emplacement du t\u00e9moignage et vos coordonn\u00e9es.<\/li>\n<li>Vous proposer des publicit\u00e9s cibl\u00e9es. Nous pouvons utiliser vos informations pour d\u00e9velopper et afficher du contenu et des publicit\u00e9s (et collaborer avec des tiers qui le font) adapt\u00e9s \u00e0 vos centres d&#8217;int\u00e9r\u00eat et\/ou \u00e0 votre localisation, et pour en mesurer l&#8217;efficacit\u00e9. <\/li>\n<li>Demande de commentaires. Nous pouvons utiliser vos informations pour vous demander votre avis et vous contacter au sujet de votre utilisation de notre site. <\/li>\n<li>Pour faire respecter nos termes, conditions et politiques.<\/li>\n<\/ul>\n<h6>Comment stockons-nous vos donn\u00e9es ?<\/h6>\n<p>Toutes les informations personnelles \u00e9chang\u00e9es entre votre appareil et le site web d&#8217;Azores Moto Rent sont crypt\u00e9es via SSL. Notre certificat SSL est fourni par Hostinger, notre h\u00e9bergeur. Cela garantit la s\u00e9curit\u00e9 de vos informations et leur protection contre les tiers.  <\/p>\n<p>Azores Moto Rent stocke vos donn\u00e9es en toute s\u00e9curit\u00e9 sur des serveurs s\u00e9curis\u00e9s situ\u00e9s dans l&#8217;Espace \u00e9conomique europ\u00e9en (EEE), garantissant ainsi la conformit\u00e9 au RGPD. Nous mettons en \u0153uvre le chiffrement, des contr\u00f4les d&#8217;acc\u00e8s et des audits de s\u00e9curit\u00e9 r\u00e9guliers pour prot\u00e9ger vos informations personnelles. <\/p>\n<p>Azores Moto Rent conservera vos donn\u00e9es personnelles, votre historique de r\u00e9servations et vos informations de paiement aussi longtemps que n\u00e9cessaire aux fins \u00e9nonc\u00e9es dans la pr\u00e9sente politique de confidentialit\u00e9, sauf si une p\u00e9riode de conservation plus longue est requise ou autoris\u00e9e par la loi (par exemple, pour des raisons fiscales, comptables ou autres). Une fois ce d\u00e9lai expir\u00e9, nous supprimerons vos donn\u00e9es de mani\u00e8re s\u00e9curis\u00e9e en les anonymisant et en supprimant d\u00e9finitivement les enregistrements de nos bases de donn\u00e9es, conform\u00e9ment aux bonnes pratiques en mati\u00e8re de protection des donn\u00e9es. <\/p>\n<h6>Marketing<\/h6>\n<p>Azores Moto Rent souhaite vous envoyer des informations sur nos produits et services qui, selon nous, pourraient vous int\u00e9resser, ainsi que sur ceux de nos soci\u00e9t\u00e9s partenaires.<\/p>\n<ul>\n<li>Mailchimp<\/li>\n<li>Hubspot<\/li>\n<\/ul>\n<p>Si vous avez accept\u00e9 de recevoir des communications marketing, vous pouvez toujours vous d\u00e9sinscrire ult\u00e9rieurement.<\/p>\n<p>Nous pouvons parfois fournir des statistiques sur nos clients \u00e0 des tiers, tels que des soci\u00e9t\u00e9s de location ou d&#8217;autres agents. Ces statistiques ne contiennent jamais d&#8217;informations personnelles identifiables. <\/p>\n<p>Nous ne vendrons ni ne louerons vos informations personnelles \u00e0 des tiers \u00e0 des fins de marketing sans votre consentement pr\u00e9alable.<\/p>\n<p>Vous avez le droit \u00e0 tout moment d&#8217;emp\u00eacher Azores Moto Rent de vous contacter \u00e0 des fins de marketing ou de transmettre vos donn\u00e9es \u00e0 d&#8217;autres membres de notre groupe d&#8217;entreprises.<\/p>\n<p>Si vous ne souhaitez plus \u00eatre contact\u00e9 \u00e0 des fins de marketing, veuillez nous envoyer un e-mail \u00e0 <span style=\"text-decoration: underline;\">support@algarvemotorent.pt.<\/span><\/p>\n<h6>Quels sont vos droits en mati\u00e8re de protection des donn\u00e9es ?<\/h6>\n<p>Notre entreprise souhaite s&#8217;assurer que vous \u00eates pleinement inform\u00e9 de vos droits en mati\u00e8re de protection des donn\u00e9es. Chaque utilisateur b\u00e9n\u00e9ficie des droits suivants : <\/p>\n<p><strong>Droit d&#8217;acc\u00e8s<\/strong> \u2013 Vous avez le droit de demander \u00e0 Azores Moto Rent des copies de vos donn\u00e9es personnelles. Ce service peut \u00eatre factur\u00e9. <\/p>\n<p><strong>Droit de rectification<\/strong> \u2013 Vous avez le droit de demander \u00e0 Azores Moto Rent de corriger toute information que vous jugez inexacte. Vous avez \u00e9galement le droit de nous demander de compl\u00e9ter les informations que vous jugez incompl\u00e8tes. <\/p>\n<p><strong>Le droit \u00e0 l\u2019effacement <\/strong>\u2013 \u200b\u200bVous avez le droit de demander \u00e0 Azores Moto Rent d\u2019effacer vos donn\u00e9es personnelles, sous certaines conditions.<\/p>\n<p><strong>Le droit de restreindre le traitement<\/strong> \u2013 \u200b\u200bVous avez le droit de demander \u00e0 Azores Moto Rent de restreindre le traitement de vos donn\u00e9es personnelles, sous certaines conditions.<\/p>\n<p><strong>Le droit de s\u2019opposer au traitement<\/strong> \u2013 \u200b\u200bVous avez le droit de vous opposer au traitement de vos donn\u00e9es personnelles par Azores Moto Rent, sous certaines conditions.<\/p>\n<p><strong>Le droit \u00e0 la portabilit\u00e9 des donn\u00e9es<\/strong> \u2013 Vous avez le droit de demander \u00e0 Azores Moto Rent de transf\u00e9rer les donn\u00e9es que nous avons collect\u00e9es \u00e0 une autre organisation, ou directement \u00e0 vous, sous certaines conditions.<\/p>\n<p>Si vous faites une demande, nous disposons d&#8217;un mois pour vous r\u00e9pondre. Si vous souhaitez exercer l&#8217;un de ces droits, veuillez nous contacter \u00e0 l&#8217;adresse e-mail suivante: info@algarvemotorent.pt <\/p>\n<p>Appelez-nous au: +351 910 102 589<\/p>\n<p>Ou \u00e9crivez-nous \u00e0: Paul Harris St. 5, 9500-702 P. Delgada, Portugal<\/p>\n<h6>Cookies<\/h6>\n<p>Les cookies sont des fichiers texte plac\u00e9s sur votre ordinateur pour collecter des informations standard sur votre connexion Internet et votre comportement de visite. Lorsque vous visitez nos sites web, nous pouvons collecter automatiquement des informations vous concernant gr\u00e2ce aux cookies ou \u00e0 des technologies similaires. <\/p>\n<p>Pour plus d&#8217;informations, visitez allaboutcookies.org.<\/p>\n<h6>Comment utilisons-nous les cookies ?<\/h6>\n<p>Notre soci\u00e9t\u00e9 utilise des cookies de diff\u00e9rentes mani\u00e8res pour am\u00e9liorer votre exp\u00e9rience sur notre site Web, notamment:<\/p>\n<ul>\n<li>Comprendre comment vous utilisez notre site Web<\/li>\n<li>Des informations sp\u00e9cifiques sur la mani\u00e8re dont nous utilisons et comment vous pouvez refuser certains cookies sont pr\u00e9sent\u00e9es dans notre politique en mati\u00e8re de cookies.<\/li>\n<\/ul>\n<h6>Quels types de cookies utilisons-nous?<\/h6>\n<p>Il existe diff\u00e9rents types de cookies, mais notre site Web utilise:<\/p>\n<ul>\n<li>Fonctionnalit\u00e9 \u2013 Notre entreprise utilise ces cookies pour vous reconna\u00eetre sur notre site web et m\u00e9moriser vos pr\u00e9f\u00e9rences. Ces cookies peuvent inclure votre langue pr\u00e9f\u00e9r\u00e9e et votre localisation. Nous utilisons des cookies propri\u00e9taires et tiers.  <\/li>\n<li>Publicit\u00e9 \u2013 Notre Soci\u00e9t\u00e9 utilise ces cookies pour collecter des informations sur votre visite sur notre site web, le contenu que vous avez consult\u00e9, les liens que vous avez suivis, ainsi que des informations sur votre navigateur, votre appareil et votre adresse IP. Notre Soci\u00e9t\u00e9 partage parfois certaines parties limit\u00e9es de ces donn\u00e9es avec des tiers \u00e0 des fins publicitaires. Nous pouvons \u00e9galement partager les donn\u00e9es en ligne collect\u00e9es via les cookies avec nos partenaires publicitaires. Ainsi, lorsque vous visitez un autre site web, des publicit\u00e9s peuvent vous \u00eatre pr\u00e9sent\u00e9es en fonction de vos habitudes de navigation sur notre site.   <\/li>\n<li>Vous trouverez plus d&#8217;informations dans notre politique en mati\u00e8re de cookies.<\/li>\n<\/ul>\n<h6>Comment g\u00e9rer les cookies<\/h6>\n<p>Vous pouvez configurer votre navigateur pour qu&#8217;il n&#8217;accepte pas les cookies. Le site web ci-dessus vous explique comment supprimer les cookies de votre navigateur. Cependant, dans certains cas, certaines fonctionnalit\u00e9s de notre site web pourraient ne pas fonctionner. <\/p>\n<h6>Politiques de confidentialit\u00e9 d&#8217;autres sites Web<\/h6>\n<p>Le site web d&#8217;Azores Moto Rent contient des liens vers d&#8217;autres sites web. Notre politique de confidentialit\u00e9 s&#8217;applique uniquement \u00e0 notre site web. Si vous cliquez sur un lien vers un autre site web, veuillez lire sa politique de confidentialit\u00e9. <\/p>\n<h6>Modifications de notre politique de confidentialit\u00e9<\/h6>\n<p>Azores Moto Rent r\u00e9vise r\u00e9guli\u00e8rement sa politique de confidentialit\u00e9 et publie toute mise \u00e0 jour sur cette page web. Cette politique de confidentialit\u00e9 a \u00e9t\u00e9 mise \u00e0 jour le 17 janvier 2025. <\/p>\n<h6>Comment nous contacter<\/h6>\n<p>Si vous avez des questions sur la politique de confidentialit\u00e9 d&#8217;Azores Moto Rent, sur les donn\u00e9es que nous d\u00e9tenons sur vous ou si vous souhaitez exercer l&#8217;un de vos droits en mati\u00e8re de protection des donn\u00e9es, n&#8217;h\u00e9sitez pas \u00e0 nous contacter.<\/p>\n<p>Envoyez-nous un e-mail \u00e0: support@algarvemotorent.pt<\/p>\n<p>Appelez-nous: +351 910 102 589<\/p>\n<p>Ou \u00e9crivez-nous \u00e0: Paul Harris 5, 9500 P. Delgada, Portugal<\/p>\n<h6>Comment contacter l&#8217;autorit\u00e9 comp\u00e9tente<\/h6>\n<p>Si vous souhaitez d\u00e9poser une plainte ou si vous estimez qu&#8217;Azores Moto Rent n&#8217;a pas r\u00e9pondu \u00e0 votre demande de mani\u00e8re satisfaisante, vous pouvez contacter le Bureau du Commissaire \u00e0 l&#8217;information. Vous trouverez ses coordonn\u00e9es sur le lien suivant: <a href=\"https:\/\/ec.europa.eu\/newsroom\/article29\/items\/612080\/en\" target=\"_blank\" rel=\"nofollow noopener\">JUSTICE ET CONSOMMATEURS, ARTICLE 29 &#8211; Autorit\u00e9s nationales de protection des donn\u00e9es.<\/a> <\/p>\t\t\t\t\t\t\t\t<\/div>\n\t\t\t\t<\/div>\n\t\t\t\t\t<\/div>\n\t\t\t\t<\/div>\n\t\t\t\t<\/div>\n\t\t","protected":false},"excerpt":{"rendered":"<p>Politique de confidentialit\u00e9 Derni\u00e8re mise \u00e0 jour le 17 janvier 2025 Merci d\u2019avoir visit\u00e9 notre site Web et de faire [&hellip;]<\/p>\n","protected":false},"author":3,"featured_media":0,"parent":0,"menu_order":0,"comment_status":"closed","ping_status":"closed","template":"","meta":{"site-sidebar-layout":"default","site-content-layout":"","ast-site-content-layout":"","site-content-style":"default","site-sidebar-style":"default","ast-global-header-display":"","ast-banner-title-visibility":"","ast-main-header-display":"","ast-hfb-above-header-display":"","ast-hfb-below-header-display":"","ast-hfb-mobile-header-display":"","site-post-title":"disabled","ast-breadcrumbs-content":"","ast-featured-img":"","footer-sml-layout":"","ast-disable-related-posts":"","theme-transparent-header-meta":"","adv-header-id-meta":"","stick-header-meta":"","header-above-stick-meta":"","header-main-stick-meta":"","header-below-stick-meta":"","astra-migrate-meta-layouts":"default","ast-page-background-enabled":"default","ast-page-background-meta":{"desktop":{"background-color":"var(--ast-global-color-5)","background-image":"","background-repeat":"repeat","background-position":"center center","background-size":"auto","background-attachment":"scroll","background-type":"","background-media":"","overlay-type":"","overlay-color":"","overlay-opacity":"","overlay-gradient":""},"tablet":{"background-color":"","background-image":"","background-repeat":"repeat","background-position":"center center","background-size":"auto","background-attachment":"scroll","background-type":"","background-media":"","overlay-type":"","overlay-color":"","overlay-opacity":"","overlay-gradient":""},"mobile":{"background-color":"","background-image":"","background-repeat":"repeat","background-position":"center center","background-size":"auto","background-attachment":"scroll","background-type":"","background-media":"","overlay-type":"","overlay-color":"","overlay-opacity":"","overlay-gradient":""}},"ast-content-background-meta":{"desktop":{"background-color":"var(--ast-global-color-4)","background-image":"","background-repeat":"repeat","background-position":"center center","background-size":"auto","background-attachment":"scroll","background-type":"","background-media":"","overlay-type":"","overlay-color":"","overlay-opacity":"","overlay-gradient":""},"tablet":{"background-color":"var(--ast-global-color-4)","background-image":"","background-repeat":"repeat","background-position":"center center","background-size":"auto","background-attachment":"scroll","background-type":"","background-media":"","overlay-type":"","overlay-color":"","overlay-opacity":"","overlay-gradient":""},"mobile":{"background-color":"var(--ast-global-color-4)","background-image":"","background-repeat":"repeat","background-position":"center center","background-size":"auto","background-attachment":"scroll","background-type":"","background-media":"","overlay-type":"","overlay-color":"","overlay-opacity":"","overlay-gradient":""}},"footnotes":""},"class_list":["post-3778","page","type-page","status-publish","hentry"],"_links":{"self":[{"href":"https:\/\/algarvemotorent.pt\/fr\/wp-json\/wp\/v2\/pages\/3778","targetHints":{"allow":["GET"]}}],"collection":[{"href":"https:\/\/algarvemotorent.pt\/fr\/wp-json\/wp\/v2\/pages"}],"about":[{"href":"https:\/\/algarvemotorent.pt\/fr\/wp-json\/wp\/v2\/types\/page"}],"author":[{"embeddable":true,"href":"https:\/\/algarvemotorent.pt\/fr\/wp-json\/wp\/v2\/users\/3"}],"replies":[{"embeddable":true,"href":"https:\/\/algarvemotorent.pt\/fr\/wp-json\/wp\/v2\/comments?post=3778"}],"version-history":[{"count":0,"href":"https:\/\/algarvemotorent.pt\/fr\/wp-json\/wp\/v2\/pages\/3778\/revisions"}],"wp:attachment":[{"href":"https:\/\/algarvemotorent.pt\/fr\/wp-json\/wp\/v2\/media?parent=3778"}],"curies":[{"name":"wp","href":"https:\/\/api.w.org\/{rel}","templated":true}]}}