{"id":3432,"date":"2020-11-08T21:25:42","date_gmt":"2020-11-08T21:25:42","guid":{"rendered":"https:\/\/algarvemotorent.pt\/politica-de-privacidad\/"},"modified":"2025-05-27T21:34:16","modified_gmt":"2025-05-27T21:34:16","slug":"politica-de-privacidad","status":"publish","type":"page","link":"https:\/\/algarvemotorent.pt\/es\/politica-de-privacidad\/","title":{"rendered":"Pol\u00edtica de Privacidad"},"content":{"rendered":"\t\t<div data-elementor-type=\"wp-page\" data-elementor-id=\"3432\" class=\"elementor elementor-3432 elementor-3\" data-elementor-post-type=\"page\">\n\t\t\t\t<div class=\"elementor-element elementor-element-034ef1c e-flex e-con-boxed e-con e-parent\" data-id=\"034ef1c\" data-element_type=\"container\" data-e-type=\"container\">\n\t\t\t\t\t<div class=\"e-con-inner\">\n\t\t\t\t<div class=\"elementor-element elementor-element-4e5c855 elementor-widget elementor-widget-heading\" data-id=\"4e5c855\" data-element_type=\"widget\" data-e-type=\"widget\" data-widget_type=\"heading.default\">\n\t\t\t\t<div class=\"elementor-widget-container\">\n\t\t\t\t\t<h1 class=\"elementor-heading-title elementor-size-default\">Pol\u00edtica de Privacidad<\/h1>\t\t\t\t<\/div>\n\t\t\t\t<\/div>\n\t\t\t\t\t<\/div>\n\t\t\t\t<\/div>\n\t\t<div class=\"elementor-element elementor-element-fce2b91 e-flex e-con-boxed e-con e-parent\" data-id=\"fce2b91\" data-element_type=\"container\" data-e-type=\"container\">\n\t\t\t\t\t<div class=\"e-con-inner\">\n\t\t\t\t<div class=\"elementor-element elementor-element-70d5a23 elementor-widget elementor-widget-text-editor\" data-id=\"70d5a23\" data-element_type=\"widget\" data-e-type=\"widget\" data-widget_type=\"text-editor.default\">\n\t\t\t\t<div class=\"elementor-widget-container\">\n\t\t\t\t\t\t\t\t\t<p><strong>\u00daltima actualizaci\u00f3n el 17 de enero de 2025<\/strong><\/p>\n<p>Gracias por visitar nuestro sitio web y comprar nuestros servicios.<\/p>\n<p>Al visitar nuestro sitio web https:\/\/algarvemotorent.pt (en adelante, \u00abnosotros\u00bb, \u00abnos\u00bb o \u00abnuestro\u00bb) y utilizar nuestros servicios, nos conf\u00eda su informaci\u00f3n personal. Nos tomamos muy en serio su privacidad. <\/p>\n<p>En este aviso de privacidad, describimos nuestra pol\u00edtica de privacidad. Buscamos explicarle de la manera m\u00e1s clara posible qu\u00e9 informaci\u00f3n recopilamos, c\u00f3mo la utilizamos y qu\u00e9 derechos tiene al respecto. <\/p>\n<p>Esperamos que se tome un tiempo para leerla detenidamente, ya que es importante. Si no est\u00e1 de acuerdo con alg\u00fan t\u00e9rmino de esta pol\u00edtica de privacidad, le rogamos que deje de usar nuestro sitio web y nuestros servicios. <\/p>\n<p>Lea atentamente esta pol\u00edtica de privacidad, ya que le ayudar\u00e1 a tomar decisiones informadas sobre compartir su informaci\u00f3n personal con nosotros.<\/p>\n<p>Azores Moto Rent es propiedad de Digiteca &#8211; Ag\u00eancia de Marketing Digital, con domicilio en Paul Harris St. 5, 9500 Ponta Delgada, Portugal, IVA 168972816, tel\u00e9fono +351 910 102 589, correo electr\u00f3nico marketing@digiteca.pt.<\/p>\n<p>Esta pol\u00edtica de privacidad le explicar\u00e1 c\u00f3mo nuestra organizaci\u00f3n utiliza los datos personales que recopilamos de usted cuando utiliza nuestro sitio web.<\/p>\n<p><strong>Temas<\/strong>:<\/p>\n<ul>\n<li>\u00bfQu\u00e9 datos recopilamos?<\/li>\n<li>\u00bfC\u00f3mo recopilamos sus datos?<\/li>\n<li>\u00bfC\u00f3mo utilizaremos sus datos?<\/li>\n<li>\u00bfC\u00f3mo almacenamos sus datos?<\/li>\n<li>Marketing<\/li>\n<li>\u00bfCu\u00e1les son sus derechos en materia de protecci\u00f3n de datos?<\/li>\n<li>\u00bfQu\u00e9 son las cookies?<\/li>\n<li>\u00bfC\u00f3mo utilizamos las cookies?<\/li>\n<li>\u00bfQu\u00e9 tipos de cookies utilizamos?<\/li>\n<li>C\u00f3mo gestionar tus cookies<\/li>\n<li>Pol\u00edticas de privacidad de otros sitios web<\/li>\n<li>Cambios en nuestra pol\u00edtica de privacidad<\/li>\n<li>Como contactar con nosotros<\/li>\n<li>C\u00f3mo contactar con las autoridades competentes<\/li>\n<\/ul>\n<h6>\u00bfQu\u00e9 datos recopilamos?<\/h6>\n<p>Azores Moto Rent recopila los siguientes datos:<\/p>\n<ul>\n<li>Informaci\u00f3n de identificaci\u00f3n personal (nombre, direcci\u00f3n de correo electr\u00f3nico, n\u00famero de tel\u00e9fono, licencia de conducir, fecha de nacimiento, etc.)<\/li>\n<li>Como confirmamos su reserva mientras est\u00e1 en el sitio de Azores Moto Rent, necesitamos los datos de su tarjeta de cr\u00e9dito o d\u00e9bito para poder garantizar su veh\u00edculo cuando pague su dep\u00f3sito.<\/li>\n<li>Recopilamos autom\u00e1ticamente cierta informaci\u00f3n cuando visita, utiliza o navega por nuestro sitio web. Esta informaci\u00f3n no revela su identidad espec\u00edfica (como su nombre o informaci\u00f3n de contacto), pero puede incluir informaci\u00f3n sobre el dispositivo y su uso, como su direcci\u00f3n IP, las caracter\u00edsticas del navegador y del dispositivo, el sistema operativo, las preferencias de idioma, las URL de referencia, el nombre del dispositivo, el pa\u00eds, la ubicaci\u00f3n, informaci\u00f3n sobre c\u00f3mo y cu\u00e1ndo utiliza nuestro sitio y otra informaci\u00f3n t\u00e9cnica. Esta informaci\u00f3n es principalmente necesaria para mantener la seguridad y el funcionamiento de nuestro sitio, as\u00ed como para nuestros an\u00e1lisis internos y la elaboraci\u00f3n de informes.<br>Al igual que muchas empresas, tambi\u00e9n recopilamos informaci\u00f3n mediante cookies y tecnolog\u00edas similares.  <\/li>\n<\/ul>\n<h6>\u00bfC\u00f3mo recopilamos sus datos?<\/h6>\n<p>Usted proporciona directamente a Azores Moto Rent la mayor\u00eda de los datos que recopilamos. Recopilamos y procesamos datos cuando usted: <\/p>\n<ul>\n<li>Reg\u00edstrese en l\u00ednea o haga un pedido de cualquiera de nuestros productos o servicios.<\/li>\n<li>Complete voluntariamente una encuesta de clientes o proporcione comentarios en cualquiera de nuestros foros de mensajes, por correo electr\u00f3nico, tel\u00e9fono o cualquier otro canal de comunicaci\u00f3n que utilicemos.<\/li>\n<li>Utilice o vea nuestro sitio web a trav\u00e9s de las cookies de su navegador.<\/li>\n<\/ul>\n<h6>\u00bfC\u00f3mo utilizaremos sus datos?<\/h6>\n<p>Azores Moto Rent recopila sus datos para que podamos:<\/p>\n<ul>\n<li>Procesar su pedido y administrar su cuenta. Podemos utilizar su informaci\u00f3n para procesar y gestionar sus pedidos, pagos, devoluciones y cambios realizados a trav\u00e9s de nuestro sitio web. Cuando Azores Moto Rent procesa su pedido, puede enviar sus datos a agencias de cr\u00e9dito y utilizar la informaci\u00f3n resultante para prevenir compras fraudulentas.  <\/li>\n<li>Enviarle por correo electr\u00f3nico ofertas especiales sobre otros productos y servicios que creemos que podr\u00edan interesarle, si esto se ajusta a sus preferencias de marketing. Puede darse de baja de nuestros correos electr\u00f3nicos de marketing en cualquier momento. <\/li>\n<li>Para enviarle informaci\u00f3n administrativa. Podemos utilizar su informaci\u00f3n personal para enviarle informaci\u00f3n sobre productos, servicios y nuevas funciones, as\u00ed como informaci\u00f3n sobre cambios en nuestros t\u00e9rminos, condiciones y pol\u00edticas. <\/li>\n<li>Para publicar testimonios. Publicamos testimonios en nuestro sitio web que pueden contener informaci\u00f3n personal. Antes de publicar un testimonio, solicitaremos su consentimiento para usar su nombre y testimonio.   <br>Si desea actualizar o eliminar su testimonio, cont\u00e1ctenos en support@algarvemotorent.pt y aseg\u00farese de incluir su nombre, ubicaci\u00f3n del testimonio e informaci\u00f3n de contacto.<\/li>\n<li>Enviarle publicidad personalizada. Podemos utilizar su informaci\u00f3n para desarrollar y mostrar contenido y publicidad (y colaborar con terceros que lo hacen) adaptados a sus intereses o ubicaci\u00f3n, y para medir su eficacia. <\/li>\n<li>Solicitar comentarios. Podemos utilizar su informaci\u00f3n para solicitar comentarios y comunicarnos con usted sobre su uso de nuestro sitio. <\/li>\n<li>Para hacer cumplir nuestros t\u00e9rminos, condiciones y pol\u00edticas.<\/li>\n<\/ul>\n<h6>\u00bfC\u00f3mo almacenamos sus datos?<\/h6>\n<p>Toda la informaci\u00f3n personal intercambiada entre su dispositivo y el sitio web de Azores Moto Rent est\u00e1 cifrada mediante SSL. Nuestro certificado SSL lo proporciona Hostinger, nuestro proveedor de hosting. Esto garantiza que su informaci\u00f3n se transmita de forma segura y est\u00e9 a salvo de terceros.  <\/p>\n<p>Azores Moto Rent almacena de forma segura sus datos en servidores protegidos ubicados dentro del Espacio Econ\u00f3mico Europeo (EEE), garantizando as\u00ed el cumplimiento del RGPD. Implementamos cifrado, controles de acceso y auditor\u00edas de seguridad peri\u00f3dicas para proteger su informaci\u00f3n personal. <\/p>\n<p>Azores Moto Rent conservar\u00e1 sus datos personales, historial de reservas e informaci\u00f3n de pago durante el tiempo que sea necesario para los fines establecidos en esta pol\u00edtica de privacidad, a menos que la ley exija o permita un periodo de conservaci\u00f3n m\u00e1s largo (como requisitos fiscales, contables u otros). Una vez transcurrido este periodo, eliminaremos sus datos de forma segura, anonimizando los datos personales y eliminando permanentemente los registros de nuestras bases de datos, de acuerdo con las mejores pr\u00e1cticas de protecci\u00f3n de datos. <\/p>\n<h6>Marketing<\/h6>\n<p>En Azores Moto Rent queremos enviarle informaci\u00f3n sobre productos y servicios nuestros que creemos que podr\u00edan ser de su agrado, as\u00ed como los de nuestras empresas asociadas.<\/p>\n<ul>\n<li>Mailchimp<\/li>\n<li>Hubspot<\/li>\n<\/ul>\n<p>Si ha aceptado recibir marketing, siempre podr\u00e1 optar por no recibirlo m\u00e1s adelante.<\/p>\n<p>En ocasiones, podemos proporcionar estad\u00edsticas sobre nuestros clientes a terceros, como empresas de alquiler u otros agentes. Estas estad\u00edsticas nunca contienen informaci\u00f3n personal identificable. <\/p>\n<p>No vender\u00edamos ni alquilar\u00edamos su informaci\u00f3n personal a terceros para fines de marketing sin su consentimiento previo.<\/p>\n<p>Usted tiene derecho en cualquier momento a impedir que Azores Moto Rent se ponga en contacto con usted con fines de marketing o que ceda sus datos a otros miembros de nuestro grupo empresarial.<\/p>\n<p>Si ya no desea que nos pongamos en contacto con usted con fines comerciales, env\u00edenos un correo electr\u00f3nico a <span style=\"text-decoration: underline;\">support@algarvemotorent.pt<\/span>.<\/p>\n<h6>\u00bfCu\u00e1les son sus derechos en materia de protecci\u00f3n de datos?<\/h6>\n<p>Nuestra empresa desea asegurarse de que usted conozca plenamente sus derechos en materia de protecci\u00f3n de datos. Todo usuario tiene derecho a lo siguiente: <\/p>\n<p><strong>Derecho de acceso<\/strong> \u2013 Tiene derecho a solicitar a Azores Moto Rent copias de sus datos personales. Podr\u00edamos cobrarle una peque\u00f1a tarifa por este servicio. <\/p>\n<p><strong>Derecho de rectificaci\u00f3n<\/strong>\u2013 Tiene derecho a solicitar a Azores Moto Rent que corrija cualquier informaci\u00f3n que considere inexacta. Tambi\u00e9n tiene derecho a solicitarnos que completemos la informaci\u00f3n que considere incompleta. <\/p>\n<p><strong>El derecho de supresi\u00f3n<\/strong>\u2013 Tiene derecho a solicitar que Azores Moto Rent borre sus datos personales, bajo ciertas condiciones.<\/p>\n<p><strong>El derecho a restringir el procesamiento <\/strong>\u2013 Tiene derecho a solicitar que Azores Moto Rent restrinja el procesamiento de sus datos personales, bajo ciertas condiciones.<\/p>\n<p><strong>El derecho a oponerse al procesamiento<\/strong> \u2013 Tiene derecho a oponerse al procesamiento de sus datos personales por parte de Azores Moto Rent, bajo ciertas condiciones.<\/p>\n<p><strong>El derecho a la portabilidad de datos<\/strong> \u2013 Tiene derecho a solicitar que Azores Moto Rent transfiera los datos que hemos recopilado a otra organizaci\u00f3n, o directamente a usted, bajo ciertas condiciones.<\/p>\n<p>Si realiza una solicitud, disponemos de un mes para responderle. Si desea ejercer alguno de estos derechos, p\u00f3ngase en contacto con nosotros en nuestro correo electr\u00f3nico: info@algarvemotorent.pt <\/p>\n<p>Ll\u00e1manos al: +351 910 102 589<\/p>\n<p>O escr\u00edbanos a: Paul Harris St. 5, 9500-702 P. Delgada, Portugal<\/p>\n<h6>Cookies<\/h6>\n<p>Las cookies son archivos de texto que se almacenan en su ordenador para recopilar informaci\u00f3n est\u00e1ndar de registro de internet e informaci\u00f3n sobre el comportamiento de los visitantes. Cuando visita nuestros sitios web, podemos recopilar informaci\u00f3n autom\u00e1ticamente mediante cookies o tecnolog\u00edas similares. <\/p>\n<p>Para obtener m\u00e1s informaci\u00f3n, visita allaboutcookies.org.<\/p>\n<h6>\u00bfC\u00f3mo utilizamos las cookies?<\/h6>\n<p>Nuestra empresa utiliza cookies de diversas maneras para mejorar su experiencia en nuestro sitio web, incluyendo:<\/p>\n<ul>\n<li>Entender c\u00f3mo utiliza nuestro sitio web<\/li>\n<li>En nuestra Pol\u00edtica de Cookies se establece informaci\u00f3n espec\u00edfica sobre c\u00f3mo usamos determinadas cookies y c\u00f3mo puede rechazarlas.<\/li>\n<\/ul>\n<h6>\u00bfQu\u00e9 tipos de cookies utilizamos?<\/h6>\n<p>Existen distintos tipos de cookies, sin embargo nuestro sitio web utiliza:<\/p>\n<ul>\n<li>Funcionalidad: Nuestra empresa utiliza estas cookies para reconocerle en nuestro sitio web y recordar sus preferencias previamente seleccionadas. Estas pueden incluir su idioma preferido y su ubicaci\u00f3n. Se utilizan cookies propias y de terceros.  <\/li>\n<li>Publicidad: Nuestra empresa utiliza estas cookies para recopilar informaci\u00f3n sobre su visita a nuestro sitio web, el contenido que ha visualizado, los enlaces que ha seguido e informaci\u00f3n sobre su navegador, dispositivo y direcci\u00f3n IP. En ocasiones, nuestra empresa comparte algunos aspectos de estos datos con terceros con fines publicitarios. Tambi\u00e9n podemos compartir datos en l\u00ednea recopilados a trav\u00e9s de cookies con nuestros socios publicitarios. Esto significa que, cuando visite otro sitio web, es posible que se le muestre publicidad basada en sus h\u00e1bitos de navegaci\u00f3n en el nuestro.   <\/li>\n<li>Puede encontrar m\u00e1s informaci\u00f3n en nuestra Pol\u00edtica de cookies.<\/li>\n<\/ul>\n<h6>C\u00f3mo gestionar las cookies<\/h6>\n<p>Puede configurar su navegador para que no acepte cookies. El sitio web mencionado anteriormente le indica c\u00f3mo eliminarlas. Sin embargo, en algunos casos, algunas funciones de nuestro sitio web podr\u00edan no funcionar correctamente. <\/p>\n<h6>Pol\u00edticas de privacidad de otros sitios web<\/h6>\n<p>El sitio web de Azores Moto Rent contiene enlaces a otros sitios web. Nuestra pol\u00edtica de privacidad se aplica \u00fanicamente a nuestro sitio web, por lo que si hace clic en un enlace a otro sitio web, le recomendamos leer su pol\u00edtica de privacidad. <\/p>\n<h6>Cambios en nuestra pol\u00edtica de privacidad<\/h6>\n<p>Azores Moto Rent revisa peri\u00f3dicamente su pol\u00edtica de privacidad y publica las actualizaciones en esta p\u00e1gina web. Esta pol\u00edtica de privacidad se actualiz\u00f3 por \u00faltima vez el 17 de enero de 2025. <\/p>\n<h6>Como contactar con nosotros<\/h6>\n<p>Si tiene alguna pregunta sobre la pol\u00edtica de privacidad de Azores Moto Rent, los datos que tenemos sobre usted o desea ejercer alguno de sus derechos de protecci\u00f3n de datos, no dude en contactarnos.<\/p>\n<p>Env\u00edenos un correo electr\u00f3nico a: support@algarvemotorent.pt<\/p>\n<p>Ll\u00e1manos: +351 910 102 589<\/p>\n<p>O escr\u00edbanos a: Paul Harris 5, 9500 P. Delgada, Portugal<\/p>\n<h6>C\u00f3mo contactar con la autoridad competente<\/h6>\n<p>Si desea presentar una queja o considera que Azores Moto Rent no ha atendido su inquietud satisfactoriamente, puede contactar con la Oficina del Comisionado de Informaci\u00f3n. Puede encontrar sus datos de contacto en el siguiente enlace: <a href=\"https:\/\/ec.europa.eu\/newsroom\/article29\/items\/612080\/en\" target=\"_blank\" rel=\"nofollow noopener\">JUSTICIA Y CONSUMIDORES ART\u00cdCULO 29 &#8211; Autoridades Nacionales de Protecci\u00f3n de Datos<\/a>. <\/p>\t\t\t\t\t\t\t\t<\/div>\n\t\t\t\t<\/div>\n\t\t\t\t\t<\/div>\n\t\t\t\t<\/div>\n\t\t\t\t<\/div>\n\t\t","protected":false},"excerpt":{"rendered":"<p>Pol\u00edtica de Privacidad \u00daltima actualizaci\u00f3n el 17 de enero de 2025 Gracias por visitar nuestro sitio web y comprar nuestros [&hellip;]<\/p>\n","protected":false},"author":3,"featured_media":0,"parent":0,"menu_order":0,"comment_status":"closed","ping_status":"closed","template":"","meta":{"site-sidebar-layout":"default","site-content-layout":"","ast-site-content-layout":"","site-content-style":"default","site-sidebar-style":"default","ast-global-header-display":"","ast-banner-title-visibility":"","ast-main-header-display":"","ast-hfb-above-header-display":"","ast-hfb-below-header-display":"","ast-hfb-mobile-header-display":"","site-post-title":"disabled","ast-breadcrumbs-content":"","ast-featured-img":"","footer-sml-layout":"","ast-disable-related-posts":"","theme-transparent-header-meta":"","adv-header-id-meta":"","stick-header-meta":"","header-above-stick-meta":"","header-main-stick-meta":"","header-below-stick-meta":"","astra-migrate-meta-layouts":"default","ast-page-background-enabled":"default","ast-page-background-meta":{"desktop":{"background-color":"var(--ast-global-color-5)","background-image":"","background-repeat":"repeat","background-position":"center center","background-size":"auto","background-attachment":"scroll","background-type":"","background-media":"","overlay-type":"","overlay-color":"","overlay-opacity":"","overlay-gradient":""},"tablet":{"background-color":"","background-image":"","background-repeat":"repeat","background-position":"center center","background-size":"auto","background-attachment":"scroll","background-type":"","background-media":"","overlay-type":"","overlay-color":"","overlay-opacity":"","overlay-gradient":""},"mobile":{"background-color":"","background-image":"","background-repeat":"repeat","background-position":"center center","background-size":"auto","background-attachment":"scroll","background-type":"","background-media":"","overlay-type":"","overlay-color":"","overlay-opacity":"","overlay-gradient":""}},"ast-content-background-meta":{"desktop":{"background-color":"var(--ast-global-color-4)","background-image":"","background-repeat":"repeat","background-position":"center center","background-size":"auto","background-attachment":"scroll","background-type":"","background-media":"","overlay-type":"","overlay-color":"","overlay-opacity":"","overlay-gradient":""},"tablet":{"background-color":"var(--ast-global-color-4)","background-image":"","background-repeat":"repeat","background-position":"center center","background-size":"auto","background-attachment":"scroll","background-type":"","background-media":"","overlay-type":"","overlay-color":"","overlay-opacity":"","overlay-gradient":""},"mobile":{"background-color":"var(--ast-global-color-4)","background-image":"","background-repeat":"repeat","background-position":"center center","background-size":"auto","background-attachment":"scroll","background-type":"","background-media":"","overlay-type":"","overlay-color":"","overlay-opacity":"","overlay-gradient":""}},"footnotes":""},"class_list":["post-3432","page","type-page","status-publish","hentry"],"_links":{"self":[{"href":"https:\/\/algarvemotorent.pt\/es\/wp-json\/wp\/v2\/pages\/3432","targetHints":{"allow":["GET"]}}],"collection":[{"href":"https:\/\/algarvemotorent.pt\/es\/wp-json\/wp\/v2\/pages"}],"about":[{"href":"https:\/\/algarvemotorent.pt\/es\/wp-json\/wp\/v2\/types\/page"}],"author":[{"embeddable":true,"href":"https:\/\/algarvemotorent.pt\/es\/wp-json\/wp\/v2\/users\/3"}],"replies":[{"embeddable":true,"href":"https:\/\/algarvemotorent.pt\/es\/wp-json\/wp\/v2\/comments?post=3432"}],"version-history":[{"count":0,"href":"https:\/\/algarvemotorent.pt\/es\/wp-json\/wp\/v2\/pages\/3432\/revisions"}],"wp:attachment":[{"href":"https:\/\/algarvemotorent.pt\/es\/wp-json\/wp\/v2\/media?parent=3432"}],"curies":[{"name":"wp","href":"https:\/\/api.w.org\/{rel}","templated":true}]}}