{"id":3482,"date":"2020-11-08T21:25:42","date_gmt":"2020-11-08T21:25:42","guid":{"rendered":"https:\/\/algarvemotorent.pt\/datenschutzrichtlinie\/"},"modified":"2025-05-27T21:34:52","modified_gmt":"2025-05-27T21:34:52","slug":"datenschutzrichtlinie","status":"publish","type":"page","link":"https:\/\/algarvemotorent.pt\/de\/datenschutzrichtlinie\/","title":{"rendered":"Datenschutzrichtlinie"},"content":{"rendered":"\t\t<div data-elementor-type=\"wp-page\" data-elementor-id=\"3482\" class=\"elementor elementor-3482 elementor-3\" data-elementor-post-type=\"page\">\n\t\t\t\t<div class=\"elementor-element elementor-element-034ef1c e-flex e-con-boxed e-con e-parent\" data-id=\"034ef1c\" data-element_type=\"container\" data-e-type=\"container\">\n\t\t\t\t\t<div class=\"e-con-inner\">\n\t\t\t\t<div class=\"elementor-element elementor-element-4e5c855 elementor-widget elementor-widget-heading\" data-id=\"4e5c855\" data-element_type=\"widget\" data-e-type=\"widget\" data-widget_type=\"heading.default\">\n\t\t\t\t<div class=\"elementor-widget-container\">\n\t\t\t\t\t<h1 class=\"elementor-heading-title elementor-size-default\">Datenschutzrichtlinie<\/h1>\t\t\t\t<\/div>\n\t\t\t\t<\/div>\n\t\t\t\t\t<\/div>\n\t\t\t\t<\/div>\n\t\t<div class=\"elementor-element elementor-element-fce2b91 e-flex e-con-boxed e-con e-parent\" data-id=\"fce2b91\" data-element_type=\"container\" data-e-type=\"container\">\n\t\t\t\t\t<div class=\"e-con-inner\">\n\t\t\t\t<div class=\"elementor-element elementor-element-70d5a23 elementor-widget elementor-widget-text-editor\" data-id=\"70d5a23\" data-element_type=\"widget\" data-e-type=\"widget\" data-widget_type=\"text-editor.default\">\n\t\t\t\t<div class=\"elementor-widget-container\">\n\t\t\t\t\t\t\t\t\t<p><strong>Zuletzt aktualisiert am 17. Januar 2025<\/strong><\/p>\n<p>Vielen Dank f\u00fcr Ihren Besuch auf unserer Website und den Kauf unserer Dienste.<\/p>\n<p>Wenn Sie unsere Website https:\/\/algarvemotorent.pt (im Folgenden \u201euns\u201c, \u201ewir\u201c oder \u201eunser\u201c) besuchen und unsere Dienste nutzen, vertrauen Sie uns Ihre personenbezogenen Daten an. Wir nehmen Ihre Privatsph\u00e4re sehr ernst. <\/p>\n<p>In dieser Datenschutzerkl\u00e4rung erl\u00e4utern wir unsere Datenschutzpolitik. Wir m\u00f6chten Ihnen so klar wie m\u00f6glich erkl\u00e4ren, welche Informationen wir sammeln, wie wir sie verwenden und welche Rechte Sie in Bezug darauf haben. <\/p>\n<p>Wir hoffen, dass Sie sich die Zeit nehmen, diese Datenschutzerkl\u00e4rung sorgf\u00e4ltig durchzulesen. Sollten Sie mit den Bestimmungen dieser Datenschutzerkl\u00e4rung nicht einverstanden sein, bitten wir Sie, die Nutzung unserer Website und unserer Dienste einzustellen. <\/p>\n<p>Bitte lesen Sie diese Datenschutzrichtlinie sorgf\u00e4ltig durch, da sie Ihnen dabei hilft, fundierte Entscheidungen \u00fcber die Weitergabe Ihrer pers\u00f6nlichen Daten an uns zu treffen.<\/p>\n<p>Azores Moto Rent ist Eigentum von Digiteca \u2013 Ag\u00eancia de Marketing Digital mit Sitz in Paul Harris St. 5, 9500 Ponta Delgada, Portugal, MwSt.-Nr. 168972816, Telefon +351 910 102 589, E-Mail marketing@digiteca.pt.<\/p>\n<p>In dieser Datenschutzrichtlinie wird erl\u00e4utert, wie unsere Organisation die personenbezogenen Daten verwendet, die wir von Ihnen erfassen, wenn Sie unsere Website nutzen.<\/p>\n<p><strong>Themen<\/strong>:<\/p>\n<ul>\n<li>Welche Daten erheben wir?<\/li>\n<li>Wie erfassen wir Ihre Daten?<\/li>\n<li>Wie verwenden wir Ihre Daten?<\/li>\n<li>Wie speichern wir Ihre Daten?<\/li>\n<li>Marketing<\/li>\n<li>Welche Datenschutzrechte haben Sie?<\/li>\n<li>Was sind Cookies?<\/li>\n<li>Wie verwenden wir Cookies?<\/li>\n<li>Welche Arten von Cookies verwenden wir?<\/li>\n<li>So verwalten Sie Ihre Cookies<\/li>\n<li>Datenschutzrichtlinien anderer Websites<\/li>\n<li>\u00c4nderungen unserer Datenschutzrichtlinie<\/li>\n<li>So erreichen Sie uns<\/li>\n<li>So erreichen Sie die zust\u00e4ndigen Beh\u00f6rden<\/li>\n<\/ul>\n<h6>Welche Daten erheben wir?<\/h6>\n<p>Azores Moto Rent erhebt folgende Daten:<\/p>\n<ul>\n<li>Pers\u00f6nliche Identifikationsdaten (Name, E-Mail-Adresse, Telefonnummer, F\u00fchrerschein, Geburtsdatum usw.)<\/li>\n<li>Da wir Ihre Buchung best\u00e4tigen, w\u00e4hrend Sie sich auf der Website von Azores Moto Rent befinden, ben\u00f6tigen wir Ihre Kredit- oder Debitkartendaten, damit wir Ihr Fahrzeug garantieren k\u00f6nnen, wenn Sie Ihre Anzahlung leisten.<\/li>\n<li>Wir erfassen automatisch bestimmte Informationen, wenn Sie unsere Website besuchen, nutzen oder darin navigieren. Diese Informationen geben nicht Ihre genaue Identit\u00e4t preis (wie Ihren Namen oder Ihre Kontaktdaten), k\u00f6nnen aber Ger\u00e4te- und Nutzungsinformationen wie Ihre IP-Adresse, Browser- und Ger\u00e4teeigenschaften, Betriebssystem, Spracheinstellungen, verweisende URLs, Ger\u00e4tename, Land, Standort, Informationen dar\u00fcber, wie und wann Sie unsere Website nutzen, und andere technische Informationen enthalten. Diese Informationen werden in erster Linie ben\u00f6tigt, um die Sicherheit und den Betrieb unserer Website zu gew\u00e4hrleisten sowie f\u00fcr unsere internen Analyse- und Berichtszwecke. Wie viele Unternehmen erfassen auch wir Informationen \u00fcber Cookies und \u00e4hnliche Technologien.  <\/li>\n<\/ul>\n<h6>Wie erfassen wir Ihre Daten?<\/h6>\n<p>Die meisten der von uns erhobenen Daten stellen Sie Azores Moto Rent direkt zur Verf\u00fcgung. Wir erheben und verarbeiten Daten, wenn Sie: <\/p>\n<ul>\n<li>Registrieren Sie sich online oder geben Sie eine Bestellung f\u00fcr eines unserer Produkte oder Dienstleistungen auf.<\/li>\n<li>Nehmen Sie freiwillig an einer Kundenumfrage teil oder geben Sie Feedback in einem unserer Message Boards, per E-Mail, Telefon oder \u00fcber einen anderen von uns genutzten Kommunikationskanal.<\/li>\n<li>Nutzen oder betrachten Sie unsere Website \u00fcber die Cookies Ihres Browsers.<\/li>\n<\/ul>\n<h6>Wie verwenden wir Ihre Daten?<\/h6>\n<p>Azores Moto Rent sammelt Ihre Daten, damit wir:<\/p>\n<ul>\n<li>Bearbeitung Ihrer Bestellung und Verwaltung Ihres Kontos. Wir k\u00f6nnen Ihre Daten verwenden, um Ihre Bestellungen, Zahlungen, R\u00fccksendungen und Umtausche \u00fcber unsere Website abzuwickeln und zu verwalten. Wenn Azores Moto Rent Ihre Bestellung bearbeitet, kann es Ihre Daten an Kreditauskunfteien \u00fcbermitteln und die daraus resultierenden Informationen verwenden, um betr\u00fcgerische K\u00e4ufe zu verhindern.  <\/li>\n<li>Wir senden Ihnen per E-Mail Sonderangebote f\u00fcr andere Produkte und Dienstleistungen, die f\u00fcr Sie von Interesse sein k\u00f6nnten, sofern dies Ihren Marketingpr\u00e4ferenzen entspricht. Sie k\u00f6nnen unsere Marketing-E-Mails jederzeit abbestellen. <\/li>\n<li>Um Ihnen administrative Informationen zu senden. Wir k\u00f6nnen Ihre personenbezogenen Daten verwenden, um Ihnen Informationen zu Produkten, Dienstleistungen und neuen Funktionen sowie Informationen zu \u00c4nderungen unserer Gesch\u00e4ftsbedingungen und Richtlinien zu senden. <\/li>\n<li>Zur Ver\u00f6ffentlichung von Erfahrungsberichten. Wir ver\u00f6ffentlichen auf unserer Website Erfahrungsberichte, die personenbezogene Daten enthalten k\u00f6nnen. Bevor wir einen Erfahrungsbericht ver\u00f6ffentlichen, holen wir Ihre Einwilligung zur Verwendung Ihres Namens und Ihres Erfahrungsberichts ein.   <br>Wenn Sie Ihre Bewertung aktualisieren oder l\u00f6schen m\u00f6chten, kontaktieren Sie uns bitte unter support@algarvemotorent.pt und geben Sie unbedingt Ihren Namen, den Ort der Bewertung und Ihre Kontaktinformationen an.<\/li>\n<li>Liefern Sie Ihnen zielgerichtete Werbung. Wir k\u00f6nnen Ihre Daten verwenden, um Inhalte und Werbung zu entwickeln und anzuzeigen (und mit Drittanbietern zusammenzuarbeiten, die dies tun), die auf Ihre Interessen und\/oder Ihren Standort zugeschnitten sind, und um deren Wirksamkeit zu messen. <\/li>\n<li>Feedback anfordern. Wir k\u00f6nnen Ihre Informationen verwenden, um Feedback anzufordern und Sie bez\u00fcglich Ihrer Nutzung unserer Website zu kontaktieren. <\/li>\n<li>Um unsere Gesch\u00e4ftsbedingungen und Richtlinien durchzusetzen.<\/li>\n<\/ul>\n<h6>Wie speichern wir Ihre Daten?<\/h6>\n<p>Alle zwischen Ihrem Ger\u00e4t und der Azores Moto Rent-Website ausgetauschten personenbezogenen Daten werden per SSL verschl\u00fcsselt. Unser SSL-Zertifikat wird von unserem Hosting-Anbieter Hostinger bereitgestellt. Dies gew\u00e4hrleistet die sichere \u00dcbertragung Ihrer Daten und den Schutz vor Dritten.  <\/p>\n<p>Azores Moto Rent speichert Ihre Daten sicher auf gesch\u00fctzten Servern im Europ\u00e4ischen Wirtschaftsraum (EWR) und gew\u00e4hrleistet die Einhaltung der DSGVO-Vorschriften. Wir setzen Verschl\u00fcsselung, Zugriffskontrollen und regelm\u00e4\u00dfige Sicherheits\u00fcberpr\u00fcfungen ein, um Ihre pers\u00f6nlichen Daten zu sch\u00fctzen. <\/p>\n<p>Azores Moto Rent speichert Ihre personenbezogenen Daten, Ihren Buchungsverlauf und Ihre Zahlungsinformationen so lange, wie dies f\u00fcr die in dieser Datenschutzrichtlinie genannten Zwecke erforderlich ist, es sei denn, eine l\u00e4ngere Aufbewahrungsfrist ist gesetzlich vorgeschrieben oder zul\u00e4ssig (z. B. aus steuerlichen, buchhalterischen oder anderen rechtlichen Gr\u00fcnden). Nach Ablauf dieser Frist l\u00f6schen wir Ihre Daten sicher, indem wir personenbezogene Daten anonymisieren und Datens\u00e4tze gem\u00e4\u00df den bew\u00e4hrten Datenschutzpraktiken dauerhaft aus unseren Datenbanken entfernen. <\/p>\n<h6>Marketing<\/h6>\n<p>Azores Moto Rent m\u00f6chte Ihnen gerne Informationen \u00fcber unsere Produkte und Dienstleistungen sowie die unserer Partnerunternehmen zusenden, von denen wir glauben, dass sie f\u00fcr Sie von Interesse sein k\u00f6nnten.<\/p>\n<ul>\n<li>Mailchimp<\/li>\n<li>Hubspot<\/li>\n<\/ul>\n<p>Wenn Sie dem Erhalt von Marketing zugestimmt haben, k\u00f6nnen Sie sich jederzeit zu einem sp\u00e4teren Zeitpunkt abmelden.<\/p>\n<p>Gelegentlich geben wir Statistiken \u00fcber unsere Kunden an Dritte weiter, beispielsweise an Mietwagenfirmen oder andere Vermittler. Diese Statistiken enthalten niemals personenbezogene Daten. <\/p>\n<p>Wir w\u00fcrden Ihre personenbezogenen Daten ohne Ihre vorherige Zustimmung nicht zu Marketingzwecken an Dritte verkaufen oder vermieten.<\/p>\n<p>Sie haben jederzeit das Recht, Azores Moto Rent davon abzuhalten, Sie zu Marketingzwecken zu kontaktieren oder Ihre Daten an andere Mitglieder unserer Unternehmensgruppe weiterzugeben.<\/p>\n<p>Wenn Sie nicht mehr zu Marketingzwecken kontaktiert werden m\u00f6chten, senden Sie uns bitte eine E-Mail an <span style=\"text-decoration: underline;\">support@algarvemotorent.pt.<\/span><\/p>\n<h6>Welche Datenschutzrechte haben Sie?<\/h6>\n<p>Unser Unternehmen m\u00f6chte sicherstellen, dass Sie \u00fcber alle Ihre Datenschutzrechte informiert sind. Jeder Benutzer hat Anspruch auf Folgendes: <\/p>\n<p><strong>Das Recht auf Zugriff<\/strong> \u2013 Sie haben das Recht, von Azores Moto Rent Kopien Ihrer personenbezogenen Daten anzufordern. F\u00fcr diesen Service erheben wir m\u00f6glicherweise eine geringe Geb\u00fchr. <\/p>\n<p><strong>Das Recht auf Berichtigung<\/strong> \u2013 Sie haben das Recht, von Azores Moto Rent die Berichtigung aller Ihrer Meinung nach unrichtigen Informationen zu verlangen. Sie haben au\u00dferdem das Recht, von uns die Vervollst\u00e4ndigung der Ihrer Meinung nach unvollst\u00e4ndigen Informationen zu verlangen. <\/p>\n<p><strong>Das Recht auf L\u00f6schung<\/strong> \u2013 Sie haben das Recht, unter bestimmten Bedingungen die L\u00f6schung Ihrer personenbezogenen Daten durch Azores Moto Rent zu verlangen.<\/p>\n<p><strong>Das Recht auf Einschr\u00e4nkung der Verarbeitung<\/strong> \u2013 Sie haben das Recht, unter bestimmten Bedingungen von Azores Moto Rent die Einschr\u00e4nkung der Verarbeitung Ihrer personenbezogenen Daten zu verlangen.<\/p>\n<p><strong>Das Widerspruchsrecht gegen die Verarbeitung<\/strong> \u2013 Sie haben unter bestimmten Bedingungen das Recht, der Verarbeitung Ihrer personenbezogenen Daten durch Azores Moto Rent zu widersprechen.<\/p>\n<p><strong>Das Recht auf Daten\u00fcbertragbarkeit<\/strong> \u2013 Sie haben das Recht, unter bestimmten Bedingungen zu verlangen, dass Azores Moto Rent die von uns gesammelten Daten an eine andere Organisation oder direkt an Sie \u00fcbertr\u00e4gt.<\/p>\n<p>Wenn Sie eine Anfrage stellen, haben wir einen Monat Zeit, Ihnen zu antworten. Wenn Sie eines dieser Rechte aus\u00fcben m\u00f6chten, kontaktieren Sie uns bitte per E-Mail: info@algarvemotorent.pt <\/p>\n<p>Rufen Sie uns an: +351 910 102 589<\/p>\n<p>Oder schreiben Sie uns: Paul Harris St. 5, 9500-702 P. Delgada, Portugal<\/p>\n<h6>Cookies<\/h6>\n<p>Cookies sind Textdateien, die auf Ihrem Computer abgelegt werden, um standardm\u00e4\u00dfige Internetprotokolldaten und Informationen zum Besucherverhalten zu sammeln. Wenn Sie unsere Websites besuchen, erfassen wir m\u00f6glicherweise automatisch Informationen \u00fcber Sie mithilfe von Cookies oder \u00e4hnlichen Technologien. <\/p>\n<p>Weitere Informationen finden Sie unter allaboutcookies.org.<\/p>\n<h6>Wie verwenden wir Cookies?<\/h6>\n<p>Unser Unternehmen verwendet Cookies auf verschiedene Weise, um Ihr Erlebnis auf unserer Website zu verbessern, darunter:<\/p>\n<ul>\n<li>Verstehen, wie Sie unsere Website nutzen<\/li>\n<li>Spezifische Informationen dar\u00fcber, wie wir bestimmte Cookies verwenden und wie Sie diese ablehnen k\u00f6nnen, finden Sie in unserer Cookie-Richtlinie.<\/li>\n<\/ul>\n<h6>Welche Arten von Cookies verwenden wir?<\/h6>\n<p>Es gibt eine Reihe verschiedener Arten von Cookies. Unsere Website verwendet jedoch:<\/p>\n<ul>\n<li>Funktionalit\u00e4t \u2013 Unser Unternehmen verwendet diese Cookies, um Sie auf unserer Website wiederzuerkennen und Ihre zuvor gew\u00e4hlten Einstellungen zu speichern. Dazu geh\u00f6ren beispielsweise Ihre bevorzugte Sprache und Ihr Standort. Es wird eine Mischung aus Erstanbieter- und Drittanbieter-Cookies verwendet.  <\/li>\n<li>Werbung \u2013 Unser Unternehmen verwendet diese Cookies, um Informationen \u00fcber Ihren Besuch auf unserer Website, die von Ihnen angesehenen Inhalte, die von Ihnen verfolgten Links sowie Informationen \u00fcber Ihren Browser, Ihr Ger\u00e4t und Ihre IP-Adresse zu sammeln. Unser Unternehmen gibt diese Daten teilweise zu Werbezwecken an Dritte weiter. Wir k\u00f6nnen auch Online-Daten, die durch Cookies gesammelt wurden, an unsere Werbepartner weitergeben. Das bedeutet, dass Ihnen beim Besuch einer anderen Website m\u00f6glicherweise Werbung basierend auf Ihrem Surfverhalten auf unserer Website angezeigt wird.   <\/li>\n<li>Weitere Informationen finden Sie in unserer Cookie-Richtlinie.<\/li>\n<\/ul>\n<h6>So verwalten Sie Cookies<\/h6>\n<p>Sie k\u00f6nnen Ihren Browser so einstellen, dass er keine Cookies akzeptiert. Auf der oben genannten Website erfahren Sie, wie Sie Cookies aus Ihrem Browser entfernen. In einigen F\u00e4llen kann es jedoch dazu kommen, dass einige Funktionen unserer Website dadurch nicht mehr funktionieren. <\/p>\n<h6>Datenschutzrichtlinien anderer Websites<\/h6>\n<p>Die Website von Azores Moto Rent enth\u00e4lt Links zu anderen Websites. Unsere Datenschutzrichtlinie gilt nur f\u00fcr unsere Website. Wenn Sie also auf einen Link zu einer anderen Website klicken, sollten Sie deren Datenschutzrichtlinie lesen. <\/p>\n<h6>\u00c4nderungen unserer Datenschutzrichtlinie<\/h6>\n<p>Azores Moto Rent \u00fcberpr\u00fcft seine Datenschutzrichtlinie regelm\u00e4\u00dfig und ver\u00f6ffentlicht Aktualisierungen auf dieser Webseite. Diese Datenschutzrichtlinie wurde zuletzt am 17. Januar 2025 aktualisiert. <\/p>\n<h6>So erreichen Sie uns<\/h6>\n<p>Wenn Sie Fragen zur Datenschutzrichtlinie von Azores Moto Rent oder zu den von uns \u00fcber Sie gespeicherten Daten haben oder eines Ihrer Datenschutzrechte aus\u00fcben m\u00f6chten, z\u00f6gern Sie bitte nicht, uns zu kontaktieren.<\/p>\n<p>Senden Sie uns eine E-Mail an: support@algarvemotorent.pt<\/p>\n<p>Rufen Sie uns an: +351 910 102 589<\/p>\n<p>Oder schreiben Sie uns an: Paul Harris 5, 9500 P. Delgada, Portugal<\/p>\n<h6>So erreichen Sie die zust\u00e4ndige Beh\u00f6rde<\/h6>\n<p>Wenn Sie eine Beschwerde einreichen m\u00f6chten oder der Meinung sind, dass Azores Moto Rent Ihr Anliegen nicht zufriedenstellend bearbeitet hat, k\u00f6nnen Sie sich an das B\u00fcro des Datenschutzbeauftragten wenden. Die Kontaktdaten finden Sie unter folgendem Link: <a href=\"https:\/\/ec.europa.eu\/newsroom\/article29\/items\/612080\/en\" target=\"_blank\" rel=\"nofollow noopener\">JUSTIZ UND VERBRAUCHER ARTIKEL 29 \u2013 Nationale Datenschutzbeh\u00f6rden.<\/a> <\/p>\t\t\t\t\t\t\t\t<\/div>\n\t\t\t\t<\/div>\n\t\t\t\t\t<\/div>\n\t\t\t\t<\/div>\n\t\t\t\t<\/div>\n\t\t","protected":false},"excerpt":{"rendered":"<p>Datenschutzrichtlinie Zuletzt aktualisiert am 17. Januar 2025 Vielen Dank f\u00fcr Ihren Besuch auf unserer Website und den Kauf unserer Dienste. [&hellip;]<\/p>\n","protected":false},"author":3,"featured_media":0,"parent":0,"menu_order":0,"comment_status":"closed","ping_status":"closed","template":"","meta":{"site-sidebar-layout":"default","site-content-layout":"","ast-site-content-layout":"","site-content-style":"default","site-sidebar-style":"default","ast-global-header-display":"","ast-banner-title-visibility":"","ast-main-header-display":"","ast-hfb-above-header-display":"","ast-hfb-below-header-display":"","ast-hfb-mobile-header-display":"","site-post-title":"disabled","ast-breadcrumbs-content":"","ast-featured-img":"","footer-sml-layout":"","ast-disable-related-posts":"","theme-transparent-header-meta":"","adv-header-id-meta":"","stick-header-meta":"","header-above-stick-meta":"","header-main-stick-meta":"","header-below-stick-meta":"","astra-migrate-meta-layouts":"default","ast-page-background-enabled":"default","ast-page-background-meta":{"desktop":{"background-color":"var(--ast-global-color-5)","background-image":"","background-repeat":"repeat","background-position":"center center","background-size":"auto","background-attachment":"scroll","background-type":"","background-media":"","overlay-type":"","overlay-color":"","overlay-opacity":"","overlay-gradient":""},"tablet":{"background-color":"","background-image":"","background-repeat":"repeat","background-position":"center center","background-size":"auto","background-attachment":"scroll","background-type":"","background-media":"","overlay-type":"","overlay-color":"","overlay-opacity":"","overlay-gradient":""},"mobile":{"background-color":"","background-image":"","background-repeat":"repeat","background-position":"center center","background-size":"auto","background-attachment":"scroll","background-type":"","background-media":"","overlay-type":"","overlay-color":"","overlay-opacity":"","overlay-gradient":""}},"ast-content-background-meta":{"desktop":{"background-color":"var(--ast-global-color-4)","background-image":"","background-repeat":"repeat","background-position":"center center","background-size":"auto","background-attachment":"scroll","background-type":"","background-media":"","overlay-type":"","overlay-color":"","overlay-opacity":"","overlay-gradient":""},"tablet":{"background-color":"var(--ast-global-color-4)","background-image":"","background-repeat":"repeat","background-position":"center center","background-size":"auto","background-attachment":"scroll","background-type":"","background-media":"","overlay-type":"","overlay-color":"","overlay-opacity":"","overlay-gradient":""},"mobile":{"background-color":"var(--ast-global-color-4)","background-image":"","background-repeat":"repeat","background-position":"center center","background-size":"auto","background-attachment":"scroll","background-type":"","background-media":"","overlay-type":"","overlay-color":"","overlay-opacity":"","overlay-gradient":""}},"footnotes":""},"class_list":["post-3482","page","type-page","status-publish","hentry"],"_links":{"self":[{"href":"https:\/\/algarvemotorent.pt\/de\/wp-json\/wp\/v2\/pages\/3482","targetHints":{"allow":["GET"]}}],"collection":[{"href":"https:\/\/algarvemotorent.pt\/de\/wp-json\/wp\/v2\/pages"}],"about":[{"href":"https:\/\/algarvemotorent.pt\/de\/wp-json\/wp\/v2\/types\/page"}],"author":[{"embeddable":true,"href":"https:\/\/algarvemotorent.pt\/de\/wp-json\/wp\/v2\/users\/3"}],"replies":[{"embeddable":true,"href":"https:\/\/algarvemotorent.pt\/de\/wp-json\/wp\/v2\/comments?post=3482"}],"version-history":[{"count":0,"href":"https:\/\/algarvemotorent.pt\/de\/wp-json\/wp\/v2\/pages\/3482\/revisions"}],"wp:attachment":[{"href":"https:\/\/algarvemotorent.pt\/de\/wp-json\/wp\/v2\/media?parent=3482"}],"curies":[{"name":"wp","href":"https:\/\/api.w.org\/{rel}","templated":true}]}}